{"id":195,"date":"2025-06-21T12:43:48","date_gmt":"2025-06-21T12:43:48","guid":{"rendered":"https:\/\/flameco.hu\/home-page\/"},"modified":"2025-07-04T09:52:54","modified_gmt":"2025-07-04T09:52:54","slug":"home-page","status":"publish","type":"page","link":"https:\/\/flameco.hu\/hu\/","title":{"rendered":"Kezd\u0151lap"},"content":{"rendered":"","protected":false},"excerpt":{"rendered":"","protected":false},"author":1,"featured_media":165,"parent":0,"menu_order":0,"comment_status":"closed","ping_status":"closed","template":"pages\/home.php","meta":{"footnotes":""},"class_list":["post-195","page","type-page","status-publish","has-post-thumbnail","hentry"],"acf":[],"yoast_head":"<!-- This site is optimized with the Yoast SEO plugin v25.3.1 - https:\/\/yoast.com\/wordpress\/plugins\/seo\/ -->\n<title>Kezd\u0151lap - Flameco<\/title>\n<meta name=\"robots\" content=\"index, follow, max-snippet:-1, max-image-preview:large, max-video-preview:-1\" \/>\n<link rel=\"canonical\" href=\"https:\/\/flameco.hu\/hu\/\" \/>\n<meta property=\"og:locale\" content=\"hu_HU\" \/>\n<meta property=\"og:type\" content=\"article\" \/>\n<meta property=\"og:title\" content=\"Kezd\u0151lap - Flameco\" \/>\n<meta property=\"og:url\" content=\"https:\/\/flameco.hu\/hu\/\" \/>\n<meta property=\"og:site_name\" content=\"Flameco\" \/>\n<meta property=\"article:modified_time\" content=\"2025-07-04T09:52:54+00:00\" \/>\n<meta property=\"og:image\" content=\"https:\/\/flameco.hu\/wp-content\/uploads\/2025\/06\/baner.png\" \/>\n\t<meta property=\"og:image:width\" content=\"1440\" \/>\n\t<meta property=\"og:image:height\" content=\"704\" \/>\n\t<meta property=\"og:image:type\" content=\"image\/png\" \/>\n<meta name=\"twitter:card\" content=\"summary_large_image\" \/>\n<meta name=\"twitter:label1\" content=\"Becs\u00fclt olvas\u00e1si id\u0151\" \/>\n\t<meta name=\"twitter:data1\" content=\"1 perc\" \/>\n<script type=\"application\/ld+json\" class=\"yoast-schema-graph\">{\"@context\":\"https:\/\/schema.org\",\"@graph\":[{\"@type\":\"WebPage\",\"@id\":\"https:\/\/flameco.hu\/hu\/\",\"url\":\"https:\/\/flameco.hu\/hu\/\",\"name\":\"Kezd\u0151lap - Flameco\",\"isPartOf\":{\"@id\":\"https:\/\/flameco.hu\/#website\"},\"primaryImageOfPage\":{\"@id\":\"https:\/\/flameco.hu\/hu\/#primaryimage\"},\"image\":{\"@id\":\"https:\/\/flameco.hu\/hu\/#primaryimage\"},\"thumbnailUrl\":\"https:\/\/flameco.hu\/wp-content\/uploads\/2025\/06\/baner.png\",\"datePublished\":\"2025-06-21T12:43:48+00:00\",\"dateModified\":\"2025-07-04T09:52:54+00:00\",\"breadcrumb\":{\"@id\":\"https:\/\/flameco.hu\/hu\/#breadcrumb\"},\"inLanguage\":\"hu\",\"potentialAction\":[{\"@type\":\"ReadAction\",\"target\":[\"https:\/\/flameco.hu\/hu\/\"]}]},{\"@type\":\"ImageObject\",\"inLanguage\":\"hu\",\"@id\":\"https:\/\/flameco.hu\/hu\/#primaryimage\",\"url\":\"https:\/\/flameco.hu\/wp-content\/uploads\/2025\/06\/baner.png\",\"contentUrl\":\"https:\/\/flameco.hu\/wp-content\/uploads\/2025\/06\/baner.png\",\"width\":1440,\"height\":704},{\"@type\":\"BreadcrumbList\",\"@id\":\"https:\/\/flameco.hu\/hu\/#breadcrumb\",\"itemListElement\":[{\"@type\":\"ListItem\",\"position\":1,\"name\":\"Otthon\",\"item\":\"https:\/\/flameco.hu\/hu\/\"},{\"@type\":\"ListItem\",\"position\":2,\"name\":\"Kezd\u0151lap\"}]},{\"@type\":\"WebSite\",\"@id\":\"https:\/\/flameco.hu\/#website\",\"url\":\"https:\/\/flameco.hu\/\",\"name\":\"Flameco\",\"description\":\"\",\"publisher\":{\"@id\":\"https:\/\/flameco.hu\/#organization\"},\"potentialAction\":[{\"@type\":\"SearchAction\",\"target\":{\"@type\":\"EntryPoint\",\"urlTemplate\":\"https:\/\/flameco.hu\/?s={search_term_string}\"},\"query-input\":{\"@type\":\"PropertyValueSpecification\",\"valueRequired\":true,\"valueName\":\"search_term_string\"}}],\"inLanguage\":\"hu\"},{\"@type\":\"Organization\",\"@id\":\"https:\/\/flameco.hu\/#organization\",\"name\":\"Flameco\",\"url\":\"https:\/\/flameco.hu\/\",\"logo\":{\"@type\":\"ImageObject\",\"inLanguage\":\"hu\",\"@id\":\"https:\/\/flameco.hu\/#\/schema\/logo\/image\/\",\"url\":\"https:\/\/flameco.hu\/wp-content\/uploads\/2025\/06\/logo.svg\",\"contentUrl\":\"https:\/\/flameco.hu\/wp-content\/uploads\/2025\/06\/logo.svg\",\"caption\":\"Flameco\"},\"image\":{\"@id\":\"https:\/\/flameco.hu\/#\/schema\/logo\/image\/\"}}]}<\/script>\n<!-- \/ Yoast SEO plugin. -->","yoast_head_json":{"title":"Kezd\u0151lap - Flameco","robots":{"index":"index","follow":"follow","max-snippet":"max-snippet:-1","max-image-preview":"max-image-preview:large","max-video-preview":"max-video-preview:-1"},"canonical":"https:\/\/flameco.hu\/hu\/","og_locale":"hu_HU","og_type":"article","og_title":"Kezd\u0151lap - Flameco","og_url":"https:\/\/flameco.hu\/hu\/","og_site_name":"Flameco","article_modified_time":"2025-07-04T09:52:54+00:00","og_image":[{"width":1440,"height":704,"url":"https:\/\/flameco.hu\/wp-content\/uploads\/2025\/06\/baner.png","type":"image\/png"}],"twitter_card":"summary_large_image","twitter_misc":{"Becs\u00fclt olvas\u00e1si id\u0151":"1 perc"},"schema":{"@context":"https:\/\/schema.org","@graph":[{"@type":"WebPage","@id":"https:\/\/flameco.hu\/hu\/","url":"https:\/\/flameco.hu\/hu\/","name":"Kezd\u0151lap - Flameco","isPartOf":{"@id":"https:\/\/flameco.hu\/#website"},"primaryImageOfPage":{"@id":"https:\/\/flameco.hu\/hu\/#primaryimage"},"image":{"@id":"https:\/\/flameco.hu\/hu\/#primaryimage"},"thumbnailUrl":"https:\/\/flameco.hu\/wp-content\/uploads\/2025\/06\/baner.png","datePublished":"2025-06-21T12:43:48+00:00","dateModified":"2025-07-04T09:52:54+00:00","breadcrumb":{"@id":"https:\/\/flameco.hu\/hu\/#breadcrumb"},"inLanguage":"hu","potentialAction":[{"@type":"ReadAction","target":["https:\/\/flameco.hu\/hu\/"]}]},{"@type":"ImageObject","inLanguage":"hu","@id":"https:\/\/flameco.hu\/hu\/#primaryimage","url":"https:\/\/flameco.hu\/wp-content\/uploads\/2025\/06\/baner.png","contentUrl":"https:\/\/flameco.hu\/wp-content\/uploads\/2025\/06\/baner.png","width":1440,"height":704},{"@type":"BreadcrumbList","@id":"https:\/\/flameco.hu\/hu\/#breadcrumb","itemListElement":[{"@type":"ListItem","position":1,"name":"Otthon","item":"https:\/\/flameco.hu\/hu\/"},{"@type":"ListItem","position":2,"name":"Kezd\u0151lap"}]},{"@type":"WebSite","@id":"https:\/\/flameco.hu\/#website","url":"https:\/\/flameco.hu\/","name":"Flameco","description":"","publisher":{"@id":"https:\/\/flameco.hu\/#organization"},"potentialAction":[{"@type":"SearchAction","target":{"@type":"EntryPoint","urlTemplate":"https:\/\/flameco.hu\/?s={search_term_string}"},"query-input":{"@type":"PropertyValueSpecification","valueRequired":true,"valueName":"search_term_string"}}],"inLanguage":"hu"},{"@type":"Organization","@id":"https:\/\/flameco.hu\/#organization","name":"Flameco","url":"https:\/\/flameco.hu\/","logo":{"@type":"ImageObject","inLanguage":"hu","@id":"https:\/\/flameco.hu\/#\/schema\/logo\/image\/","url":"https:\/\/flameco.hu\/wp-content\/uploads\/2025\/06\/logo.svg","contentUrl":"https:\/\/flameco.hu\/wp-content\/uploads\/2025\/06\/logo.svg","caption":"Flameco"},"image":{"@id":"https:\/\/flameco.hu\/#\/schema\/logo\/image\/"}}]}},"_links":{"self":[{"href":"https:\/\/flameco.hu\/hu\/wp-json\/wp\/v2\/pages\/195","targetHints":{"allow":["GET"]}}],"collection":[{"href":"https:\/\/flameco.hu\/hu\/wp-json\/wp\/v2\/pages"}],"about":[{"href":"https:\/\/flameco.hu\/hu\/wp-json\/wp\/v2\/types\/page"}],"author":[{"embeddable":true,"href":"https:\/\/flameco.hu\/hu\/wp-json\/wp\/v2\/users\/1"}],"replies":[{"embeddable":true,"href":"https:\/\/flameco.hu\/hu\/wp-json\/wp\/v2\/comments?post=195"}],"version-history":[{"count":9,"href":"https:\/\/flameco.hu\/hu\/wp-json\/wp\/v2\/pages\/195\/revisions"}],"predecessor-version":[{"id":261,"href":"https:\/\/flameco.hu\/hu\/wp-json\/wp\/v2\/pages\/195\/revisions\/261"}],"wp:featuredmedia":[{"embeddable":true,"href":"https:\/\/flameco.hu\/hu\/wp-json\/wp\/v2\/media\/165"}],"wp:attachment":[{"href":"https:\/\/flameco.hu\/hu\/wp-json\/wp\/v2\/media?parent=195"}],"curies":[{"name":"wp","href":"https:\/\/api.w.org\/{rel}","templated":true}]}}