{"id":272,"date":"2025-07-21T11:13:43","date_gmt":"2025-07-21T11:13:43","guid":{"rendered":"https:\/\/flameco.hu\/impresszum\/"},"modified":"2025-07-21T11:13:43","modified_gmt":"2025-07-21T11:13:43","slug":"impresszum","status":"publish","type":"page","link":"https:\/\/flameco.hu\/hu\/impresszum\/","title":{"rendered":"Impresszum"},"content":{"rendered":"<h1>Flameco Kft. Impresszum<\/h1>\n<p><strong>C\u00e9gn\u00e9v<\/strong>: FLAMECO Kft.<br \/>\n<strong>Sz\u00e9khely<\/strong>: 1138 Budapest, Cserhalom utca 5. 1. em. 4. ajt\u00f3<\/p>\n<p><strong>Kapcsolattart\u00e1s<\/strong>:<br \/>\nAd\u00f3sz\u00e1m: 26228543-2-41<br \/>\nTelefonsz\u00e1m: +36 30\u00a0098 8010<br \/>\nEmail c\u00edm: info@flameco.hu<br \/>\nC\u00e9gjegyz\u00e9ksz\u00e1m: 01-09-308978<br \/>\nBejegyz\u0151 hat\u00f3s\u00e1g: F\u0151v\u00e1rosi T\u00f6rv\u00e9nysz\u00e9k C\u00e9gb\u00edr\u00f3s\u00e1ga (1051 Budapest, N\u00e1dor u. 28.)<br \/>\nFelel\u0151s szem\u00e9ly: Maxim Martynenko<br \/>\nHonlap t\u00e1rhely\u00e9t biztos\u00edt\u00f3 szolg\u00e1ltat\u00f3: MikroVPS Kft.<br \/>\nT\u00e1rhelyszolg\u00e1ltat\u00f3 c\u00edme: 2600 V\u00e1c Thomas Edison utca 27.<br \/>\nT\u00e1rhelyszolg\u00e1ltat\u00f3 email c\u00edme: ap@newpush.com<\/p>\n<p>&nbsp;<\/p>\n","protected":false},"excerpt":{"rendered":"<p>Flameco Kft. Impresszum C\u00e9gn\u00e9v: FLAMECO Kft. Sz\u00e9khely: 1138 Budapest, Cserhalom utca 5. 1. em. 4. ajt\u00f3 Kapcsolattart\u00e1s: Ad\u00f3sz\u00e1m: 26228543-2-41 Telefonsz\u00e1m: +36 30\u00a0098 8010 Email c\u00edm: info@flameco.hu C\u00e9gjegyz\u00e9ksz\u00e1m: 01-09-308978 Bejegyz\u0151 hat\u00f3s\u00e1g: F\u0151v\u00e1rosi T\u00f6rv\u00e9nysz\u00e9k C\u00e9gb\u00edr\u00f3s\u00e1ga (1051 Budapest, N\u00e1dor u. 28.) Felel\u0151s szem\u00e9ly: Maxim Martynenko Honlap t\u00e1rhely\u00e9t biztos\u00edt\u00f3 szolg\u00e1ltat\u00f3: MikroVPS Kft. T\u00e1rhelyszolg\u00e1ltat\u00f3 c\u00edme: 2600 V\u00e1c Thomas Edison utca [&hellip;]<\/p>\n","protected":false},"author":1,"featured_media":0,"parent":0,"menu_order":0,"comment_status":"closed","ping_status":"closed","template":"","meta":{"footnotes":""},"class_list":["post-272","page","type-page","status-publish","hentry"],"acf":[],"yoast_head":"<!-- This site is optimized with the Yoast SEO plugin v25.3.1 - https:\/\/yoast.com\/wordpress\/plugins\/seo\/ -->\n<title>Impresszum - Flameco<\/title>\n<meta name=\"robots\" content=\"index, follow, max-snippet:-1, max-image-preview:large, max-video-preview:-1\" \/>\n<link rel=\"canonical\" href=\"https:\/\/flameco.hu\/hu\/impresszum\/\" \/>\n<meta property=\"og:locale\" content=\"hu_HU\" \/>\n<meta property=\"og:type\" content=\"article\" \/>\n<meta property=\"og:title\" content=\"Impresszum - Flameco\" \/>\n<meta property=\"og:description\" content=\"Flameco Kft. Impresszum C\u00e9gn\u00e9v: FLAMECO Kft. Sz\u00e9khely: 1138 Budapest, Cserhalom utca 5. 1. em. 4. ajt\u00f3 Kapcsolattart\u00e1s: Ad\u00f3sz\u00e1m: 26228543-2-41 Telefonsz\u00e1m: +36 30\u00a0098 8010 Email c\u00edm: info@flameco.hu C\u00e9gjegyz\u00e9ksz\u00e1m: 01-09-308978 Bejegyz\u0151 hat\u00f3s\u00e1g: F\u0151v\u00e1rosi T\u00f6rv\u00e9nysz\u00e9k C\u00e9gb\u00edr\u00f3s\u00e1ga (1051 Budapest, N\u00e1dor u. 28.) Felel\u0151s szem\u00e9ly: Maxim Martynenko Honlap t\u00e1rhely\u00e9t biztos\u00edt\u00f3 szolg\u00e1ltat\u00f3: MikroVPS Kft. T\u00e1rhelyszolg\u00e1ltat\u00f3 c\u00edme: 2600 V\u00e1c Thomas Edison utca [&hellip;]\" \/>\n<meta property=\"og:url\" content=\"https:\/\/flameco.hu\/hu\/impresszum\/\" \/>\n<meta property=\"og:site_name\" content=\"Flameco\" \/>\n<meta name=\"twitter:card\" content=\"summary_large_image\" \/>\n<script type=\"application\/ld+json\" class=\"yoast-schema-graph\">{\"@context\":\"https:\/\/schema.org\",\"@graph\":[{\"@type\":\"WebPage\",\"@id\":\"https:\/\/flameco.hu\/hu\/impresszum\/\",\"url\":\"https:\/\/flameco.hu\/hu\/impresszum\/\",\"name\":\"Impresszum - Flameco\",\"isPartOf\":{\"@id\":\"https:\/\/flameco.hu\/#website\"},\"datePublished\":\"2025-07-21T11:13:43+00:00\",\"breadcrumb\":{\"@id\":\"https:\/\/flameco.hu\/hu\/impresszum\/#breadcrumb\"},\"inLanguage\":\"hu\",\"potentialAction\":[{\"@type\":\"ReadAction\",\"target\":[\"https:\/\/flameco.hu\/hu\/impresszum\/\"]}]},{\"@type\":\"BreadcrumbList\",\"@id\":\"https:\/\/flameco.hu\/hu\/impresszum\/#breadcrumb\",\"itemListElement\":[{\"@type\":\"ListItem\",\"position\":1,\"name\":\"Otthon\",\"item\":\"https:\/\/flameco.hu\/hu\/\"},{\"@type\":\"ListItem\",\"position\":2,\"name\":\"Impresszum\"}]},{\"@type\":\"WebSite\",\"@id\":\"https:\/\/flameco.hu\/#website\",\"url\":\"https:\/\/flameco.hu\/\",\"name\":\"Flameco\",\"description\":\"\",\"publisher\":{\"@id\":\"https:\/\/flameco.hu\/#organization\"},\"potentialAction\":[{\"@type\":\"SearchAction\",\"target\":{\"@type\":\"EntryPoint\",\"urlTemplate\":\"https:\/\/flameco.hu\/?s={search_term_string}\"},\"query-input\":{\"@type\":\"PropertyValueSpecification\",\"valueRequired\":true,\"valueName\":\"search_term_string\"}}],\"inLanguage\":\"hu\"},{\"@type\":\"Organization\",\"@id\":\"https:\/\/flameco.hu\/#organization\",\"name\":\"Flameco\",\"url\":\"https:\/\/flameco.hu\/\",\"logo\":{\"@type\":\"ImageObject\",\"inLanguage\":\"hu\",\"@id\":\"https:\/\/flameco.hu\/#\/schema\/logo\/image\/\",\"url\":\"https:\/\/flameco.hu\/wp-content\/uploads\/2025\/06\/logo.svg\",\"contentUrl\":\"https:\/\/flameco.hu\/wp-content\/uploads\/2025\/06\/logo.svg\",\"caption\":\"Flameco\"},\"image\":{\"@id\":\"https:\/\/flameco.hu\/#\/schema\/logo\/image\/\"}}]}<\/script>\n<!-- \/ Yoast SEO plugin. -->","yoast_head_json":{"title":"Impresszum - Flameco","robots":{"index":"index","follow":"follow","max-snippet":"max-snippet:-1","max-image-preview":"max-image-preview:large","max-video-preview":"max-video-preview:-1"},"canonical":"https:\/\/flameco.hu\/hu\/impresszum\/","og_locale":"hu_HU","og_type":"article","og_title":"Impresszum - Flameco","og_description":"Flameco Kft. Impresszum C\u00e9gn\u00e9v: FLAMECO Kft. Sz\u00e9khely: 1138 Budapest, Cserhalom utca 5. 1. em. 4. ajt\u00f3 Kapcsolattart\u00e1s: Ad\u00f3sz\u00e1m: 26228543-2-41 Telefonsz\u00e1m: +36 30\u00a0098 8010 Email c\u00edm: info@flameco.hu C\u00e9gjegyz\u00e9ksz\u00e1m: 01-09-308978 Bejegyz\u0151 hat\u00f3s\u00e1g: F\u0151v\u00e1rosi T\u00f6rv\u00e9nysz\u00e9k C\u00e9gb\u00edr\u00f3s\u00e1ga (1051 Budapest, N\u00e1dor u. 28.) Felel\u0151s szem\u00e9ly: Maxim Martynenko Honlap t\u00e1rhely\u00e9t biztos\u00edt\u00f3 szolg\u00e1ltat\u00f3: MikroVPS Kft. T\u00e1rhelyszolg\u00e1ltat\u00f3 c\u00edme: 2600 V\u00e1c Thomas Edison utca [&hellip;]","og_url":"https:\/\/flameco.hu\/hu\/impresszum\/","og_site_name":"Flameco","twitter_card":"summary_large_image","schema":{"@context":"https:\/\/schema.org","@graph":[{"@type":"WebPage","@id":"https:\/\/flameco.hu\/hu\/impresszum\/","url":"https:\/\/flameco.hu\/hu\/impresszum\/","name":"Impresszum - Flameco","isPartOf":{"@id":"https:\/\/flameco.hu\/#website"},"datePublished":"2025-07-21T11:13:43+00:00","breadcrumb":{"@id":"https:\/\/flameco.hu\/hu\/impresszum\/#breadcrumb"},"inLanguage":"hu","potentialAction":[{"@type":"ReadAction","target":["https:\/\/flameco.hu\/hu\/impresszum\/"]}]},{"@type":"BreadcrumbList","@id":"https:\/\/flameco.hu\/hu\/impresszum\/#breadcrumb","itemListElement":[{"@type":"ListItem","position":1,"name":"Otthon","item":"https:\/\/flameco.hu\/hu\/"},{"@type":"ListItem","position":2,"name":"Impresszum"}]},{"@type":"WebSite","@id":"https:\/\/flameco.hu\/#website","url":"https:\/\/flameco.hu\/","name":"Flameco","description":"","publisher":{"@id":"https:\/\/flameco.hu\/#organization"},"potentialAction":[{"@type":"SearchAction","target":{"@type":"EntryPoint","urlTemplate":"https:\/\/flameco.hu\/?s={search_term_string}"},"query-input":{"@type":"PropertyValueSpecification","valueRequired":true,"valueName":"search_term_string"}}],"inLanguage":"hu"},{"@type":"Organization","@id":"https:\/\/flameco.hu\/#organization","name":"Flameco","url":"https:\/\/flameco.hu\/","logo":{"@type":"ImageObject","inLanguage":"hu","@id":"https:\/\/flameco.hu\/#\/schema\/logo\/image\/","url":"https:\/\/flameco.hu\/wp-content\/uploads\/2025\/06\/logo.svg","contentUrl":"https:\/\/flameco.hu\/wp-content\/uploads\/2025\/06\/logo.svg","caption":"Flameco"},"image":{"@id":"https:\/\/flameco.hu\/#\/schema\/logo\/image\/"}}]}},"_links":{"self":[{"href":"https:\/\/flameco.hu\/hu\/wp-json\/wp\/v2\/pages\/272","targetHints":{"allow":["GET"]}}],"collection":[{"href":"https:\/\/flameco.hu\/hu\/wp-json\/wp\/v2\/pages"}],"about":[{"href":"https:\/\/flameco.hu\/hu\/wp-json\/wp\/v2\/types\/page"}],"author":[{"embeddable":true,"href":"https:\/\/flameco.hu\/hu\/wp-json\/wp\/v2\/users\/1"}],"replies":[{"embeddable":true,"href":"https:\/\/flameco.hu\/hu\/wp-json\/wp\/v2\/comments?post=272"}],"version-history":[{"count":0,"href":"https:\/\/flameco.hu\/hu\/wp-json\/wp\/v2\/pages\/272\/revisions"}],"wp:attachment":[{"href":"https:\/\/flameco.hu\/hu\/wp-json\/wp\/v2\/media?parent=272"}],"curies":[{"name":"wp","href":"https:\/\/api.w.org\/{rel}","templated":true}]}}